{"id":302,"date":"2014-03-18T18:44:31","date_gmt":"2014-03-18T18:44:31","guid":{"rendered":"http:\/\/the7.dream-demo.com\/business\/?page_id=302"},"modified":"2022-06-01T10:50:40","modified_gmt":"2022-06-01T10:50:40","slug":"team","status":"publish","type":"page","link":"https:\/\/ge6.es\/?page_id=302","title":{"rendered":"Equipo"},"content":{"rendered":"<div class=\"wpb-content-wrapper\"><p>[vc_row bg_type=\u00bbimage\u00bb parallax_style=\u00bbvcpb-vz-jquery\u00bb bg_image_new=\u00bbid^15290|url^https:\/\/ge6.es\/wp-content\/uploads\/2022\/05\/slider-remo_30522.png|caption^null|alt^null|title^slider remo_30522|description^null\u00bb bg_image_repeat=\u00bbno-repeat\u00bb bg_override=\u00bbex-full\u00bb enable_overlay=\u00bbenable_overlay_value\u00bb overlay_color=\u00bbrgba(0,0,0,0.5)\u00bb overlay_pattern=\u00bbtransperant\u00bb overlay_pattern_opacity=\u00bb25&#8243; type=\u00bbvc_default\u00bb margin_top=\u00bb-50&#8243; css=\u00bb.vc_custom_1654005025484{padding-top: 10% !important;padding-bottom: 10% !important;background-color: #000000 !important;}\u00bb][vc_column offset=\u00bbvc_col-lg-12 vc_col-md-12&#8243; css=\u00bb.vc_custom_1476030031960{padding-bottom: 10px !important;}\u00bb]<div id=\"ultimate-heading-759869e1e704ad3d3\" class=\"uvc-heading ult-adjust-bottom-margin ultimate-heading-759869e1e704ad3d3 uvc-3000 accent-title-color\" data-hspacer=\"no_spacer\"  data-halign=\"center\" style=\"text-align:center\"><div class=\"uvc-heading-spacer no_spacer\" style=\"top\"><\/div><div class=\"uvc-main-heading ult-responsive\"  data-ultimate-target='.uvc-heading.ultimate-heading-759869e1e704ad3d3 h2'  data-responsive-json-new='{\"font-size\":\"desktop:34px;mobile_landscape:22px;mobile:22px;\",\"line-height\":\"desktop:46px;mobile_landscape:32px;mobile:32px;\"}' ><h2 style=\"font-family:&#039;Fira Sans&#039;;font-weight:normal;font-style:normal;color:#ffffff;\">Equipo<\/h2><\/div><div class=\"uvc-sub-heading ult-responsive\"  data-ultimate-target='.uvc-heading.ultimate-heading-759869e1e704ad3d3 .uvc-sub-heading '  data-responsive-json-new='{\"font-size\":\"desktop:58px;mobile_landscape:38px;mobile:30px;\",\"line-height\":\"desktop:68px;mobile_landscape:48px;mobile:40px;\"}'  style=\"font-family:&#039;Fira Sans Condensed&#039;;font-weight:700;color:#ffffff;margin-top:10px;margin-bottom:20px;\">Nuestra tripulaci\u00f3n<\/div><\/div><style type=\"text\/css\" data-type=\"the7_shortcodes-inline-css\">.dt-breadcrumbs-id-00e7ad14fe45716ac790718ece057902 .breadcrumbs {\n  display: inline-block;\n  margin: 0;\n  padding: 2px 12px 2px 12px;\n  border: 1px solid rgba(255,255,255,0.25);\n  border-radius: 0px;\n}\n.dt-breadcrumbs-id-00e7ad14fe45716ac790718ece057902 .breadcrumbs * {\n  font-size: 13px;\n  line-height: 16px;\n  color: #ffffff;\n}<\/style><div class=\"dt-breadcrumbs-shortcode dt-breadcrumbs-id-00e7ad14fe45716ac790718ece057902 align-centre\"><div class=\"assistive-text\">Est\u00e1s aqu\u00ed:<\/div><ol class=\"breadcrumbs text-small\" itemscope itemtype=\"https:\/\/schema.org\/BreadcrumbList\"><li itemprop=\"itemListElement\" itemscope itemtype=\"https:\/\/schema.org\/ListItem\"><a itemprop=\"item\" href=\"https:\/\/ge6.es\/\" title=\"Inicio\"><span itemprop=\"name\">Inicio<\/span><\/a><meta itemprop=\"position\" content=\"1\" \/><\/li><li class=\"current\" itemprop=\"itemListElement\" itemscope itemtype=\"https:\/\/schema.org\/ListItem\"><span itemprop=\"name\">P\u00e1gina<\/span><meta itemprop=\"position\" content=\"2\" \/><\/li><\/ol><\/div>[\/vc_column][\/vc_row][vc_row equal_height=\u00bbyes\u00bb bg_type=\u00bbbg_color\u00bb bg_override=\u00bbex-full\u00bb type=\u00bbvc_default\u00bb margin_top=\u00bb0&#8243; margin_bottom=\u00bb-40&#8243; css=\u00bb.vc_custom_1490190311853{padding-top: 70px !important;padding-bottom: 20px !important;}\u00bb bg_color_value=\u00bb#f6f6f6&#8243;][vc_column offset=\u00bbvc_col-lg-6 vc_col-md-6 vc_col-xs-12&#8243; css=\u00bb.vc_custom_1490190320813{margin-bottom: 40px !important;}\u00bb][vc_single_image image=\u00bb15300&#8243; img_size=\u00bbfull\u00bb][\/vc_column][vc_column offset=\u00bbvc_col-lg-6 vc_col-md-6 vc_col-xs-12&#8243; css=\u00bb.vc_custom_1490190343246{padding-bottom: 50px !important;}\u00bb]<div id=\"ultimate-heading-656769e1e704ad57f\" class=\"uvc-heading ult-adjust-bottom-margin ultimate-heading-656769e1e704ad57f uvc-6389 \" data-hspacer=\"no_spacer\"  data-halign=\"left\" style=\"text-align:left\"><div class=\"uvc-heading-spacer no_spacer\" style=\"top\"><\/div><div class=\"uvc-main-heading ult-responsive\"  data-ultimate-target='.uvc-heading.ultimate-heading-656769e1e704ad57f h2'  data-responsive-json-new='{\"font-size\":\"desktop:20px;\",\"line-height\":\"desktop:30px;\"}' ><h2 style=\"font-weight:bold;margin-bottom:20px;\">Un \u00faltimo esfuerzo siempre vale la pena<\/h2><\/div><\/div>[vc_column_text css=\u00bb.vc_custom_1654020077727{padding-bottom: 35px !important;}\u00bb]<\/p>\n<p style=\"text-align: justify;\">En Gseis creemos en el potencial y el talento de cada una de las personas que integran la compa\u00f1\u00eda. Pensamos que todos formamos parte del engranaje de una misma cadena y que remar en la misma direcci\u00f3n y sumar esfuerzos es clave para la optimizaci\u00f3n de los resultados.<\/p>\n<p style=\"text-align: justify;\">Sabemos que nuestra plantilla es uno de los principales valores de la organizaci\u00f3n, por eso cuidamos de cada una de las personas que integran la empresa, ofreci\u00e9ndoles un espacio donde desarrollarse y crecer, personal y profesionalmente. Por ello, apostamos por la <strong>formaci\u00f3n continua<\/strong> e impulsamos <strong>planes de igualdad e iniciativas<\/strong> que contribuyan, no solo al crecimiento profesional sino a la conciliaci\u00f3n personal y laboral para garantizar una sociedad igualatoria y desarrollar profesionales m\u00e1s felices y comprometidos con su trabajo.<\/p>\n<p>[\/vc_column_text]<div id=\"ultimate-heading-499269e1e704ad5c5\" class=\"uvc-heading ult-adjust-bottom-margin ultimate-heading-499269e1e704ad5c5 uvc-9156 \" data-hspacer=\"no_spacer\"  data-halign=\"left\" style=\"text-align:left\"><div class=\"uvc-heading-spacer no_spacer\" style=\"top\"><\/div><div class=\"uvc-main-heading ult-responsive\"  data-ultimate-target='.uvc-heading.ultimate-heading-499269e1e704ad5c5 h2'  data-responsive-json-new='{\"font-size\":\"desktop:20px;\",\"line-height\":\"desktop:30px;\"}' ><h2 style=\"font-weight:bold;margin-bottom:20px;\">Se\u00f1as de identidad<\/h2><\/div><\/div>[vc_row_inner][vc_column_inner width=\u00bb1\/2&#8243;]<div class=\"standard-arrow bullet-top\"><ul>\n<li><em>Know how<\/em><\/li>\n<li>Constancia<\/li>\n<li>Esp\u00edritu de superaci\u00f3n<\/li>\n<\/ul>\n<\/div>[\/vc_column_inner][vc_column_inner width=\u00bb1\/2&#8243;]<div class=\"standard-arrow bullet-top\"><ul>\n<li>Responsabilidad<\/li>\n<li>Trabajo<\/li>\n<li>Sentido de pertenencia<\/li>\n<\/ul>\n<\/div>[\/vc_column_inner][\/vc_row_inner][\/vc_column][\/vc_row][vc_row][vc_column css=\u00bb.vc_custom_1490190539907{padding-top: 70px !important;padding-bottom: 70px !important;}\u00bb][vc_single_image image=\u00bb15305&#8243; img_size=\u00bbfull\u00bb][\/vc_column][\/vc_row][vc_row full_width=\u00bbstretch_row\u00bb bg_type=\u00bbbg_color\u00bb css=\u00bb.vc_custom_1654005629695{margin-top: 10px !important;margin-bottom: 50px !important;padding-top: 70px !important;padding-bottom: 70px !important;}\u00bb bg_color_value=\u00bb#9fbcf2&#8243;][vc_column width=\u00bb2\/3&#8243;][vc_custom_heading text=\u00bb\u00bfQuieres formar parte de nuestra tripulaci\u00f3n?\u00bb font_container=\u00bbtag:h2|text_align:center\u00bb use_theme_fonts=\u00bbyes\u00bb][\/vc_column][vc_column width=\u00bb1\/3&#8243;][vc_btn title=\u00bbAccede a nuestro portal de empleo\u00bb shape=\u00bbsquare\u00bb color=\u00bbwarning\u00bb link=\u00bburl:https%3A%2F%2Fmedigrupgestion.com%2Ffrontend%2Finfocurriculum|target:_blank|rel:nofollow\u00bb][\/vc_column][\/vc_row]<\/p>\n<\/div>","protected":false},"excerpt":{"rendered":"<p>[vc_row bg_type=\u00bbimage\u00bb parallax_style=\u00bbvcpb-vz-jquery\u00bb bg_image_new=\u00bbid^15290|url^https:\/\/ge6.es\/wp-content\/uploads\/2022\/05\/slider-remo_30522.png|caption^null|alt^null|title^slider remo_30522|description^null\u00bb bg_image_repeat=\u00bbno-repeat\u00bb bg_override=\u00bbex-full\u00bb enable_overlay=\u00bbenable_overlay_value\u00bb overlay_color=\u00bbrgba(0,0,0,0.5)\u00bb overlay_pattern=\u00bbtransperant\u00bb overlay_pattern_opacity=\u00bb25&#8243; type=\u00bbvc_default\u00bb margin_top=\u00bb-50&#8243; css=\u00bb.vc_custom_1654005025484{padding-top: 10% !important;padding-bottom: 10% !important;background-color: #000000 !important;}\u00bb][vc_column offset=\u00bbvc_col-lg-12 vc_col-md-12&#8243; css=\u00bb.vc_custom_1476030031960{padding-bottom: 10px !important;}\u00bb][\/vc_column][\/vc_row][vc_row equal_height=\u00bbyes\u00bb bg_type=\u00bbbg_color\u00bb bg_override=\u00bbex-full\u00bb type=\u00bbvc_default\u00bb margin_top=\u00bb0&#8243; margin_bottom=\u00bb-40&#8243; css=\u00bb.vc_custom_1490190311853{padding-top: 70px !important;padding-bottom: 20px !important;}\u00bb bg_color_value=\u00bb#f6f6f6&#8243;][vc_column offset=\u00bbvc_col-lg-6 vc_col-md-6 vc_col-xs-12&#8243; css=\u00bb.vc_custom_1490190320813{margin-bottom: 40px !important;}\u00bb][vc_single_image image=\u00bb15300&#8243; img_size=\u00bbfull\u00bb][\/vc_column][vc_column offset=\u00bbvc_col-lg-6 vc_col-md-6 vc_col-xs-12&#8243; css=\u00bb.vc_custom_1490190343246{padding-bottom: 50px !important;}\u00bb][vc_column_text css=\u00bb.vc_custom_1654020077727{padding-bottom: 35px !important;}\u00bb] En&hellip;<\/p>\n","protected":false},"author":1,"featured_media":0,"parent":0,"menu_order":450,"comment_status":"closed","ping_status":"closed","template":"","meta":{"footnotes":""},"class_list":["post-302","page","type-page","status-publish","hentry","description-off"],"_links":{"self":[{"href":"https:\/\/ge6.es\/index.php?rest_route=\/wp\/v2\/pages\/302","targetHints":{"allow":["GET"]}}],"collection":[{"href":"https:\/\/ge6.es\/index.php?rest_route=\/wp\/v2\/pages"}],"about":[{"href":"https:\/\/ge6.es\/index.php?rest_route=\/wp\/v2\/types\/page"}],"author":[{"embeddable":true,"href":"https:\/\/ge6.es\/index.php?rest_route=\/wp\/v2\/users\/1"}],"replies":[{"embeddable":true,"href":"https:\/\/ge6.es\/index.php?rest_route=%2Fwp%2Fv2%2Fcomments&post=302"}],"version-history":[{"count":15,"href":"https:\/\/ge6.es\/index.php?rest_route=\/wp\/v2\/pages\/302\/revisions"}],"predecessor-version":[{"id":15370,"href":"https:\/\/ge6.es\/index.php?rest_route=\/wp\/v2\/pages\/302\/revisions\/15370"}],"wp:attachment":[{"href":"https:\/\/ge6.es\/index.php?rest_route=%2Fwp%2Fv2%2Fmedia&parent=302"}],"curies":[{"name":"wp","href":"https:\/\/api.w.org\/{rel}","templated":true}]}}